{"id":87518,"date":"2023-09-19T10:44:34","date_gmt":"2023-09-19T08:44:34","guid":{"rendered":"https:\/\/preprod.intermarche-vm.produdev.be\/onze-acties\/les-offres-pas-comme-les-autres\/"},"modified":"2025-09-22T09:13:40","modified_gmt":"2025-09-22T07:13:40","slug":"verjaardag","status":"publish","type":"page","link":"https:\/\/preprod.intermarche-vm.produdev.be\/nl\/onze-acties\/verjaardag\/","title":{"rendered":"De lagere levenkost, da&#8217;s nu !"},"content":{"rendered":"<div class=\"wpb-content-wrapper\"><p>[vc_row full_width=&#8221;stretch_row_content_no_spaces&#8221; css=&#8221;.vc_custom_1758178220539{padding-top: 0px !important;padding-bottom: 0px !important;}&#8221;][vc_column css=&#8221;.vc_custom_1758178249605{padding-top: 0px !important;padding-bottom: 0px !important;}&#8221; offset=&#8221;vc_hidden-sm vc_hidden-xs&#8221;][vc_single_image image=&#8221;202468&#8243; img_size=&#8221;1920&#215;480&#8243; alignment=&#8221;center&#8221; css=&#8221;.vc_custom_1758178240473{padding-top: 0px !important;padding-bottom: 0px !important;}&#8221;][\/vc_column][\/vc_row][vc_row full_width=&#8221;stretch_row_content_no_spaces&#8221;][vc_column offset=&#8221;vc_hidden-lg vc_hidden-md&#8221;][vc_single_image image=&#8221;202466&#8243; img_size=&#8221;720&#215;480&#8243; alignment=&#8221;center&#8221; css=&#8221;&#8221;][\/vc_column][\/vc_row][vc_row][vc_column][vc_column_text css=&#8221;&#8221;]<\/p>\n<p style=\"text-align: center; margin-bottom: 0px; font-size: 1.5em;\"><strong>Van 23\/09 tot 26\/10\/2025<\/strong>, Intermarch\u00e9 presenteert<\/p>\n<h1 style=\"text-align: center;\">zijn GROTE SPEL<\/h1>\n<p style=\"text-align: center; font-size: 1.5em;\">met meer dan<strong><span style=\"font-size: 1.8em;\"> 200.000 prijzen<\/span>\u00a0te winnen<\/strong> !<\/p>\n<p>[\/vc_column_text][\/vc_column][\/vc_row][vc_row el_class=&#8221;my-2&#8243;][vc_column][vc_custom_heading text=&#8221;<strong>Hoe deelnemen?<\/strong> Het is heel eenvoudig&#8221; font_container=&#8221;tag:h2|text_align:center&#8221; use_theme_fonts=&#8221;yes&#8221; css=&#8221;&#8221; el_class=&#8221;itm-title justify-content-center h3&#8243;][\/vc_column][\/vc_row][vc_row content_placement=&#8221;middle&#8221;][vc_column width=&#8221;1\/2&#8243; offset=&#8221;vc_col-sm-offset-3&#8243;][vc_column_text css=&#8221;&#8221;]<\/p>\n<h3 style=\"text-align: center;\">Verzamel gelukstickets<\/h3>\n<p style=\"text-align: center;\"><b>Van 23\/09 tot 26\/10\/2025, <\/b>verzamel gelukstickets per aankoopschijf van 35\u20ac* of bij aankoop van deelnemende producten die vermeld staan in de folder of in de winkel**.<\/p>\n<h3 style=\"text-align: center;\"><img loading=\"lazy\" decoding=\"async\" class=\"size-medium wp-image-202527 aligncenter\" src=\"https:\/\/preprod.intermarche-vm.produdev.be\/files\/uploads\/2025\/09\/2025-S39_anniversaire_1chance-NL-300x150.jpg\" alt=\"\" width=\"300\" height=\"150\" srcset=\"https:\/\/preprod.intermarche-vm.produdev.be\/files\/uploads\/2025\/09\/2025-S39_anniversaire_1chance-NL-300x150.jpg 300w, https:\/\/preprod.intermarche-vm.produdev.be\/files\/uploads\/2025\/09\/2025-S39_anniversaire_1chance-NL.jpg 500w\" sizes=\"auto, (max-width: 300px) 100vw, 300px\" \/><\/h3>\n<h3 style=\"text-align: center;\">Ga naar de terminal om te spelen<\/h3>\n<p style=\"text-align: center;\"><b>Tot 09\/11 <\/b>kunt u met uw gelukstickets en uw Intermarch\u00e9-kaart naar de terminal gaan om kans te maken op \u00e9\u00e9n van onze 200.000 prijzen !<\/p>\n<h3 style=\"text-align: center;\">U hebt gewonnen ? Profiteer van uw winst !<\/h3>\n<p style=\"text-align: center;\"><b>Tot 23\/11, <\/b>volg de instructies op het winnende ticket dat u bij de terminal hebt ontvangen om uw prijs op te halen.<\/p>\n<p style=\"font-size: 0.8em; text-align: center;\">*Exclusief gemeentelijke vuilniszakken, leeggoed, tabak, alcohol en diensten (inleverpunt, loterij, \u2026)<br \/>\n**Beperkt tot 10 gelukstickets per bezoek aan de kassa op de deelnemende producten.<\/p>\n<p>[\/vc_column_text][vc_btn title=&#8221;Zie het reglement&#8221; align=&#8221;center&#8221; css=&#8221;&#8221; button_block=&#8221;true&#8221; link=&#8221;url:https%3A%2F%2Fwww.intermarche.be%2Ffiles%2Fuploads%2F2025%2F09%2FReglement-anniversaire-ITM-NL.pdf|target:_blank&#8221; el_class=&#8221;btn-theme-secondary mt-1 mb-0&#8243;][\/vc_column][\/vc_row][vc_row el_class=&#8221;my-2&#8243;][vc_column][vc_custom_heading text=&#8221;Ontdek <strong>de prijzen<\/strong>&#8221; font_container=&#8221;tag:h2|text_align:center&#8221; use_theme_fonts=&#8221;yes&#8221; css=&#8221;&#8221; el_class=&#8221;itm-title justify-content-center h3&#8243;][\/vc_column][\/vc_row][vc_row content_placement=&#8221;middle&#8221; el_class=&#8221;mb-1&#8243;][vc_column width=&#8221;1\/4&#8243;][vc_single_image image=&#8221;202483&#8243; img_size=&#8221;630&#215;400&#8243; css=&#8221;&#8221;][\/vc_column][vc_column width=&#8221;3\/4&#8243;][vc_column_text css=&#8221;&#8221;]<\/p>\n<h4><b>2 Passen VIP 365<\/b><\/h4>\n<p>Zin om het hele jaar door eropuit te trekken ? Met de VIP Pass 365 (2 personen) kunt u meer dan 250 attracties in Walloni\u00eb en Brussel ontdekken : dierenparken, musea, grotten, boottochten, avonturenparken, kastelen en historische monumenten, \u2026<\/p>\n<p>Een <b>honderdtal 100% gratis activiteiten <\/b>om onvergetelijke momenten te beleven met familie en vrienden, en dit alleen dankzij Intermarch\u00e9 en Pass 365 ![\/vc_column_text][vc_btn title=&#8221;Meer informatie&#8221; size=&#8221;sm&#8221; align=&#8221;left&#8221; css=&#8221;&#8221; link=&#8221;url:https%3A%2F%2Fwww.365.be%2Fnl%2F|target:_blank&#8221; el_class=&#8221;btn-theme-secondary mt-1 mb-0&#8243;][\/vc_column][\/vc_row][vc_row content_placement=&#8221;middle&#8221; el_class=&#8221;mb-1&#8243;][vc_column width=&#8221;1\/4&#8243;][vc_single_image image=&#8221;202485&#8243; img_size=&#8221;630&#215;400&#8243; css=&#8221;&#8221;][\/vc_column][vc_column width=&#8221;3\/4&#8243;][vc_column_text css=&#8221;&#8221;]<\/p>\n<h4><b>Euro&#8217;s op uw Intermarch\u00e9-kaart<\/b><\/h4>\n<p>Bespaar geld ! Er zijn meer dan 3.500 bonnen te winnen : 5\u20ac, 10\u20ac, 20\u20ac of 50\u20ac voor de gelukkigen, direct teruggestort op uw Intermarch\u00e9-kaart bij uw volgende bezoek aan de kassa. Genoeg om uw volgende winkelwagen te vullen.[\/vc_column_text][vc_btn title=&#8221;Meer informatie&#8221; size=&#8221;sm&#8221; align=&#8221;left&#8221; css=&#8221;&#8221; link=&#8221;url:https%3A%2F%2Fwww.adventure-valley.be%2Fnl%3Fgad_source%3D1%26gclid%3DCj0KCQjw28W2BhC7ARIsAPerrcJ5tsCQcqoqCow0hEQ8jXDIEMjhmMyZfiepHukXmoKRAu2EhzJJq8MaAgQrEALw_wcB|target:_blank&#8221; el_class=&#8221;btn-theme-secondary mt-1 mb-0&#8243;][\/vc_column][\/vc_row][vc_row content_placement=&#8221;middle&#8221; el_class=&#8221;mb-1&#8243;][vc_column width=&#8221;1\/4&#8243;][vc_single_image image=&#8221;202487&#8243; img_size=&#8221;630&#215;400&#8243; css=&#8221;&#8221;][\/vc_column][vc_column width=&#8221;3\/4&#8243;][vc_column_text css=&#8221;&#8221;]<\/p>\n<h4><strong>1 jaar boodschappen teruggestort op uw Intermarch\u00e9-kaart<\/strong><\/h4>\n<p>Stel u voor dat uw boodschappen elke maand worden terugbetaald \u2026 en dat een jaar lang ! Dankzij onze grote spel, maak kans op een jaar lang terugbetaalde boodschappen op uw Intermarch\u00e9-kaart (250\u20ac\/maand), hetzij 3.000\u20ac over het hele jaar. Beleef een jaar vol besparingen ![\/vc_column_text][\/vc_column][\/vc_row][vc_row content_placement=&#8221;middle&#8221; el_class=&#8221;mb-1&#8243;][vc_column width=&#8221;1\/4&#8243;][vc_single_image image=&#8221;202522&#8243; img_size=&#8221;630&#215;400&#8243; css=&#8221;&#8221;][\/vc_column][vc_column width=&#8221;3\/4&#8243;][vc_column_text css=&#8221;&#8221;]<\/p>\n<h4><strong>Intermarch\u00e9 winterreceptenboek<\/strong><\/h4>\n<p>Op zoek naar inspiratie in de keuken ? Win ons exclusieve boek met recepten : eenvoudige, smakelijke en toegankelijke gerechten, bereid met ingredi\u00ebnten die u bij Intermarch\u00e9 kunt vinden.[\/vc_column_text][\/vc_column][\/vc_row][vc_row content_placement=&#8221;middle&#8221; el_class=&#8221;mb-1&#8243;][vc_column width=&#8221;1\/4&#8243;][vc_single_image image=&#8221;144944&#8243; img_size=&#8221;630&#215;400&#8243;][\/vc_column][vc_column width=&#8221;3\/4&#8243;][vc_column_text css=&#8221;&#8221;]<\/p>\n<h4><strong>Kortingsbon Wonderbox<\/strong><\/h4>\n<p>Gastronomie, verblijven, sport, ontspanning, sensatie, \u2026 Met een <b>bon van 15\u20ac <\/b><b>Wonderbox<\/b> kunt u zelf de ervaring kiezen die bij u past ![\/vc_column_text][vc_btn title=&#8221;Meer informatie&#8221; size=&#8221;sm&#8221; align=&#8221;left&#8221; css=&#8221;&#8221; link=&#8221;url:https%3A%2F%2Fbe.wonderbox.com%2Fnl|target:_blank&#8221; el_class=&#8221;btn-theme-secondary mt-1 mb-0&#8243;][\/vc_column][\/vc_row][vc_row content_placement=&#8221;middle&#8221; el_class=&#8221;mb-1&#8243;][vc_column width=&#8221;1\/4&#8243;][vc_single_image image=&#8221;202529&#8243; img_size=&#8221;630&#215;400&#8243; css=&#8221;&#8221;][\/vc_column][vc_column width=&#8221;3\/4&#8243;][vc_column_text css=&#8221;&#8221;]<\/p>\n<h4><strong>Kortingsbonnen en gratis producten<\/strong><\/h4>\n<p>En dat is nog niet alles : profiteer ook van talrijke kortingsbonnen en gratis producten om nieuwe smaken te ontdekken of uw favoriete Intermarch\u00e9-producten te vinden \u2026 tegen gereduceerde prijzen.[\/vc_column_text][\/vc_column][\/vc_row][vc_row el_class=&#8221;mt-2 mb-3&#8243;][vc_column][vc_custom_heading text=&#8221;Onze <strong>partners<\/strong>&#8221; font_container=&#8221;tag:h2|text_align:center&#8221; use_theme_fonts=&#8221;yes&#8221; css=&#8221;&#8221; el_class=&#8221;itm-title justify-content-center h3&#8243;][\/vc_column][\/vc_row][vc_row el_class=&#8221;mt-2 mb-3&#8243;][vc_column width=&#8221;2\/3&#8243; offset=&#8221;vc_col-sm-offset-2&#8243;][vc_single_image image=&#8221;202531&#8243; img_size=&#8221;1177&#215;1407&#8243; css=&#8221;&#8221;][\/vc_column][\/vc_row][vc_row full_width=&#8221;stretch_row&#8221; equal_height=&#8221;yes&#8221; content_placement=&#8221;bottom&#8221; disable_element=&#8221;yes&#8221; el_class=&#8221;bg-primary overflow-visible pt-2 mb-2&#8243;][vc_column offset=&#8221;vc_col-md-7&#8243; el_class=&#8221;text-center text-lg-start pb-2&#8243;][vc_column_text css=&#8221;&#8221; el_class=&#8221;text-white text-start mb-1&#8243;]<\/p>\n<h1><em>Onze uitzonderlijke aanbiedingen<\/em> zijn voorbij<\/h1>\n<p>Onze uitzonderlijke aanbiedingen voor september zijn nu voorbij. We zien je graag terug in september 2025.[\/vc_column_text][\/vc_column][vc_column offset=&#8221;vc_col-md-5 vc_hidden-sm vc_hidden-xs&#8221;][vc_single_image image=&#8221;157011&#8243; img_size=&#8221;600&#215;400&#8243; alignment=&#8221;center&#8221; style=&#8221;vc_box_rounded&#8221; css=&#8221;.vc_custom_1731402265240{border-top-width: 1px !important;border-right-width: 1px !important;border-bottom-width: 1px !important;border-left-width: 1px !important;border-left-style: solid !important;border-right-style: solid !important;border-top-style: solid !important;border-bottom-style: solid !important;border-radius: 5px !important;border-color: rgba(0,0,0,0.17) !important;}&#8221; el_class=&#8221;mb-n2&#8243;][\/vc_column][\/vc_row]<\/p>\n<\/div>","protected":false},"excerpt":{"rendered":"<p>[vc_row full_width=&#8221;stretch_row_content_no_spaces&#8221; css=&#8221;.vc_custom_1758178220539{padding-top: 0px !important;padding-bottom: 0px !important;}&#8221;][vc_column css=&#8221;.vc_custom_1758178249605{padding-top: 0px !important;padding-bottom: 0px !important;}&#8221; offset=&#8221;vc_hidden-sm vc_hidden-xs&#8221;][vc_single_image image=&#8221;202468&#8243; img_size=&#8221;1920&#215;480&#8243; alignment=&#8221;center&#8221; css=&#8221;.vc_custom_1758178240473{padding-top: 0px !important;padding-bottom: 0px !important;}&#8221;][\/vc_column][\/vc_row][vc_row full_width=&#8221;stretch_row_content_no_spaces&#8221;][vc_column offset=&#8221;vc_hidden-lg vc_hidden-md&#8221;][vc_single_image image=&#8221;202466&#8243; img_size=&#8221;720&#215;480&#8243; alignment=&#8221;center&#8221; css=&#8221;&#8221;][\/vc_column][\/vc_row][vc_row][vc_column][vc_column_text css=&#8221;&#8221;] Van 23\/09 tot 26\/10\/2025, Intermarch\u00e9 presenteert zijn GROTE SPEL met meer dan 200.000 prijzen\u00a0te winnen ! [\/vc_column_text][\/vc_column][\/vc_row][vc_row el_class=&#8221;my-2&#8243;][vc_column][vc_custom_heading text=&#8221;Hoe deelnemen? Het is heel eenvoudig&#8221; font_container=&#8221;tag:h2|text_align:center&#8221; [&hellip;]<\/p>\n","protected":false},"author":3,"featured_media":0,"parent":25397,"menu_order":0,"comment_status":"closed","ping_status":"closed","template":"","meta":{"_acf_changed":false,"footnotes":""},"class_list":["post-87518","page","type-page","status-publish","hentry"],"acf":[],"yoast_head":"<!-- This site is optimized with the Yoast SEO plugin v26.9 - https:\/\/yoast.com\/product\/yoast-seo-wordpress\/ -->\n<title>De lagere levenkost, da&#039;s nu ! | Intermarch\u00e9<\/title>\n<meta name=\"robots\" content=\"noindex, follow, max-snippet:-1, max-image-preview:large, max-video-preview:-1\" \/>\n<meta property=\"og:locale\" content=\"nl_NL\" \/>\n<meta property=\"og:type\" content=\"article\" \/>\n<meta property=\"og:title\" content=\"De lagere levenkost, da&#039;s nu ! | Intermarch\u00e9\" \/>\n<meta property=\"og:description\" content=\"[vc_row full_width=&#8221;stretch_row_content_no_spaces&#8221; css=&#8221;.vc_custom_1758178220539{padding-top: 0px !important;padding-bottom: 0px !important;}&#8221;][vc_column css=&#8221;.vc_custom_1758178249605{padding-top: 0px !important;padding-bottom: 0px !important;}&#8221; offset=&#8221;vc_hidden-sm vc_hidden-xs&#8221;][vc_single_image image=&#8221;202468&#8243; img_size=&#8221;1920&#215;480&#8243; alignment=&#8221;center&#8221; css=&#8221;.vc_custom_1758178240473{padding-top: 0px !important;padding-bottom: 0px !important;}&#8221;][\/vc_column][\/vc_row][vc_row full_width=&#8221;stretch_row_content_no_spaces&#8221;][vc_column offset=&#8221;vc_hidden-lg vc_hidden-md&#8221;][vc_single_image image=&#8221;202466&#8243; img_size=&#8221;720&#215;480&#8243; alignment=&#8221;center&#8221; css=&#8221;&#8221;][\/vc_column][\/vc_row][vc_row][vc_column][vc_column_text css=&#8221;&#8221;] Van 23\/09 tot 26\/10\/2025, Intermarch\u00e9 presenteert zijn GROTE SPEL met meer dan 200.000 prijzen\u00a0te winnen ! [\/vc_column_text][\/vc_column][\/vc_row][vc_row el_class=&#8221;my-2&#8243;][vc_column][vc_custom_heading text=&#8221;Hoe deelnemen? Het is heel eenvoudig&#8221; font_container=&#8221;tag:h2|text_align:center&#8221; [&hellip;]\" \/>\n<meta property=\"og:url\" content=\"https:\/\/preprod.intermarche-vm.produdev.be\/nl\/onze-acties\/verjaardag\/\" \/>\n<meta property=\"og:site_name\" content=\"Intermarch\u00e9\" \/>\n<meta property=\"article:publisher\" content=\"https:\/\/www.facebook.com\/intermarchebelgique\" \/>\n<meta property=\"article:modified_time\" content=\"2025-09-22T07:13:40+00:00\" \/>\n<meta property=\"og:image\" content=\"https:\/\/preprod.intermarche-vm.produdev.be\/files\/uploads\/2025\/09\/2025-S39_anniversaire_1chance-NL-300x150.jpg\" \/>\n<meta name=\"twitter:card\" content=\"summary_large_image\" \/>\n<script type=\"application\/ld+json\" class=\"yoast-schema-graph\">{\"@context\":\"https:\/\/schema.org\",\"@graph\":[{\"@type\":\"WebPage\",\"@id\":\"https:\/\/preprod.intermarche-vm.produdev.be\/nl\/onze-acties\/verjaardag\/\",\"url\":\"https:\/\/preprod.intermarche-vm.produdev.be\/nl\/onze-acties\/verjaardag\/\",\"name\":\"De lagere levenkost, da's nu ! | Intermarch\u00e9\",\"isPartOf\":{\"@id\":\"https:\/\/preprod.intermarche-vm.produdev.be\/nl\/#website\"},\"primaryImageOfPage\":{\"@id\":\"https:\/\/preprod.intermarche-vm.produdev.be\/nl\/onze-acties\/verjaardag\/#primaryimage\"},\"image\":{\"@id\":\"https:\/\/preprod.intermarche-vm.produdev.be\/nl\/onze-acties\/verjaardag\/#primaryimage\"},\"thumbnailUrl\":\"https:\/\/preprod.intermarche-vm.produdev.be\/files\/uploads\/2025\/09\/2025-S39_anniversaire_1chance-NL-300x150.jpg\",\"datePublished\":\"2023-09-19T08:44:34+00:00\",\"dateModified\":\"2025-09-22T07:13:40+00:00\",\"breadcrumb\":{\"@id\":\"https:\/\/preprod.intermarche-vm.produdev.be\/nl\/onze-acties\/verjaardag\/#breadcrumb\"},\"inLanguage\":\"nl-NL\",\"potentialAction\":[{\"@type\":\"ReadAction\",\"target\":[\"https:\/\/preprod.intermarche-vm.produdev.be\/nl\/onze-acties\/verjaardag\/\"]}]},{\"@type\":\"ImageObject\",\"inLanguage\":\"nl-NL\",\"@id\":\"https:\/\/preprod.intermarche-vm.produdev.be\/nl\/onze-acties\/verjaardag\/#primaryimage\",\"url\":\"https:\/\/preprod.intermarche-vm.produdev.be\/files\/uploads\/2025\/09\/2025-S39_anniversaire_1chance-NL-300x150.jpg\",\"contentUrl\":\"https:\/\/preprod.intermarche-vm.produdev.be\/files\/uploads\/2025\/09\/2025-S39_anniversaire_1chance-NL-300x150.jpg\"},{\"@type\":\"BreadcrumbList\",\"@id\":\"https:\/\/preprod.intermarche-vm.produdev.be\/nl\/onze-acties\/verjaardag\/#breadcrumb\",\"itemListElement\":[{\"@type\":\"ListItem\",\"position\":1,\"name\":\"Home\",\"item\":\"https:\/\/preprod.intermarche-vm.produdev.be\/nl\/\"},{\"@type\":\"ListItem\",\"position\":2,\"name\":\"Onze acties\",\"item\":\"https:\/\/preprod.intermarche-vm.produdev.be\/nl\/onze-acties\/\"},{\"@type\":\"ListItem\",\"position\":3,\"name\":\"De lagere levenkost, da&#8217;s nu !\"}]},{\"@type\":\"WebSite\",\"@id\":\"https:\/\/preprod.intermarche-vm.produdev.be\/nl\/#website\",\"url\":\"https:\/\/preprod.intermarche-vm.produdev.be\/nl\/\",\"name\":\"Intermarch\u00e9 Belgique\",\"description\":\"\",\"publisher\":{\"@id\":\"https:\/\/preprod.intermarche-vm.produdev.be\/nl\/#organization\"},\"potentialAction\":[{\"@type\":\"SearchAction\",\"target\":{\"@type\":\"EntryPoint\",\"urlTemplate\":\"https:\/\/preprod.intermarche-vm.produdev.be\/nl\/?s={search_term_string}\"},\"query-input\":{\"@type\":\"PropertyValueSpecification\",\"valueRequired\":true,\"valueName\":\"search_term_string\"}}],\"inLanguage\":\"nl-NL\"},{\"@type\":\"Organization\",\"@id\":\"https:\/\/preprod.intermarche-vm.produdev.be\/nl\/#organization\",\"name\":\"Intermarch\u00e9\",\"url\":\"https:\/\/preprod.intermarche-vm.produdev.be\/nl\/\",\"logo\":{\"@type\":\"ImageObject\",\"inLanguage\":\"nl-NL\",\"@id\":\"https:\/\/preprod.intermarche-vm.produdev.be\/nl\/#\/schema\/logo\/image\/\",\"url\":\"https:\/\/preprod.intermarche-vm.produdev.be\/files\/uploads\/2022\/10\/logo-intermarche.png\",\"contentUrl\":\"https:\/\/preprod.intermarche-vm.produdev.be\/files\/uploads\/2022\/10\/logo-intermarche.png\",\"width\":1200,\"height\":1200,\"caption\":\"Intermarch\u00e9\"},\"image\":{\"@id\":\"https:\/\/preprod.intermarche-vm.produdev.be\/nl\/#\/schema\/logo\/image\/\"},\"sameAs\":[\"https:\/\/www.facebook.com\/intermarchebelgique\",\"https:\/\/www.instagram.com\/intermarchebelgium\/\"]}]}<\/script>\n<!-- \/ Yoast SEO plugin. -->","yoast_head_json":{"title":"De lagere levenkost, da's nu ! | Intermarch\u00e9","robots":{"index":"noindex","follow":"follow","max-snippet":"max-snippet:-1","max-image-preview":"max-image-preview:large","max-video-preview":"max-video-preview:-1"},"og_locale":"nl_NL","og_type":"article","og_title":"De lagere levenkost, da's nu ! | Intermarch\u00e9","og_description":"[vc_row full_width=&#8221;stretch_row_content_no_spaces&#8221; css=&#8221;.vc_custom_1758178220539{padding-top: 0px !important;padding-bottom: 0px !important;}&#8221;][vc_column css=&#8221;.vc_custom_1758178249605{padding-top: 0px !important;padding-bottom: 0px !important;}&#8221; offset=&#8221;vc_hidden-sm vc_hidden-xs&#8221;][vc_single_image image=&#8221;202468&#8243; img_size=&#8221;1920&#215;480&#8243; alignment=&#8221;center&#8221; css=&#8221;.vc_custom_1758178240473{padding-top: 0px !important;padding-bottom: 0px !important;}&#8221;][\/vc_column][\/vc_row][vc_row full_width=&#8221;stretch_row_content_no_spaces&#8221;][vc_column offset=&#8221;vc_hidden-lg vc_hidden-md&#8221;][vc_single_image image=&#8221;202466&#8243; img_size=&#8221;720&#215;480&#8243; alignment=&#8221;center&#8221; css=&#8221;&#8221;][\/vc_column][\/vc_row][vc_row][vc_column][vc_column_text css=&#8221;&#8221;] Van 23\/09 tot 26\/10\/2025, Intermarch\u00e9 presenteert zijn GROTE SPEL met meer dan 200.000 prijzen\u00a0te winnen ! [\/vc_column_text][\/vc_column][\/vc_row][vc_row el_class=&#8221;my-2&#8243;][vc_column][vc_custom_heading text=&#8221;Hoe deelnemen? Het is heel eenvoudig&#8221; font_container=&#8221;tag:h2|text_align:center&#8221; [&hellip;]","og_url":"https:\/\/preprod.intermarche-vm.produdev.be\/nl\/onze-acties\/verjaardag\/","og_site_name":"Intermarch\u00e9","article_publisher":"https:\/\/www.facebook.com\/intermarchebelgique","article_modified_time":"2025-09-22T07:13:40+00:00","og_image":[{"url":"https:\/\/preprod.intermarche-vm.produdev.be\/files\/uploads\/2025\/09\/2025-S39_anniversaire_1chance-NL-300x150.jpg","type":"","width":"","height":""}],"twitter_card":"summary_large_image","schema":{"@context":"https:\/\/schema.org","@graph":[{"@type":"WebPage","@id":"https:\/\/preprod.intermarche-vm.produdev.be\/nl\/onze-acties\/verjaardag\/","url":"https:\/\/preprod.intermarche-vm.produdev.be\/nl\/onze-acties\/verjaardag\/","name":"De lagere levenkost, da's nu ! | Intermarch\u00e9","isPartOf":{"@id":"https:\/\/preprod.intermarche-vm.produdev.be\/nl\/#website"},"primaryImageOfPage":{"@id":"https:\/\/preprod.intermarche-vm.produdev.be\/nl\/onze-acties\/verjaardag\/#primaryimage"},"image":{"@id":"https:\/\/preprod.intermarche-vm.produdev.be\/nl\/onze-acties\/verjaardag\/#primaryimage"},"thumbnailUrl":"https:\/\/preprod.intermarche-vm.produdev.be\/files\/uploads\/2025\/09\/2025-S39_anniversaire_1chance-NL-300x150.jpg","datePublished":"2023-09-19T08:44:34+00:00","dateModified":"2025-09-22T07:13:40+00:00","breadcrumb":{"@id":"https:\/\/preprod.intermarche-vm.produdev.be\/nl\/onze-acties\/verjaardag\/#breadcrumb"},"inLanguage":"nl-NL","potentialAction":[{"@type":"ReadAction","target":["https:\/\/preprod.intermarche-vm.produdev.be\/nl\/onze-acties\/verjaardag\/"]}]},{"@type":"ImageObject","inLanguage":"nl-NL","@id":"https:\/\/preprod.intermarche-vm.produdev.be\/nl\/onze-acties\/verjaardag\/#primaryimage","url":"https:\/\/preprod.intermarche-vm.produdev.be\/files\/uploads\/2025\/09\/2025-S39_anniversaire_1chance-NL-300x150.jpg","contentUrl":"https:\/\/preprod.intermarche-vm.produdev.be\/files\/uploads\/2025\/09\/2025-S39_anniversaire_1chance-NL-300x150.jpg"},{"@type":"BreadcrumbList","@id":"https:\/\/preprod.intermarche-vm.produdev.be\/nl\/onze-acties\/verjaardag\/#breadcrumb","itemListElement":[{"@type":"ListItem","position":1,"name":"Home","item":"https:\/\/preprod.intermarche-vm.produdev.be\/nl\/"},{"@type":"ListItem","position":2,"name":"Onze acties","item":"https:\/\/preprod.intermarche-vm.produdev.be\/nl\/onze-acties\/"},{"@type":"ListItem","position":3,"name":"De lagere levenkost, da&#8217;s nu !"}]},{"@type":"WebSite","@id":"https:\/\/preprod.intermarche-vm.produdev.be\/nl\/#website","url":"https:\/\/preprod.intermarche-vm.produdev.be\/nl\/","name":"Intermarch\u00e9 Belgique","description":"","publisher":{"@id":"https:\/\/preprod.intermarche-vm.produdev.be\/nl\/#organization"},"potentialAction":[{"@type":"SearchAction","target":{"@type":"EntryPoint","urlTemplate":"https:\/\/preprod.intermarche-vm.produdev.be\/nl\/?s={search_term_string}"},"query-input":{"@type":"PropertyValueSpecification","valueRequired":true,"valueName":"search_term_string"}}],"inLanguage":"nl-NL"},{"@type":"Organization","@id":"https:\/\/preprod.intermarche-vm.produdev.be\/nl\/#organization","name":"Intermarch\u00e9","url":"https:\/\/preprod.intermarche-vm.produdev.be\/nl\/","logo":{"@type":"ImageObject","inLanguage":"nl-NL","@id":"https:\/\/preprod.intermarche-vm.produdev.be\/nl\/#\/schema\/logo\/image\/","url":"https:\/\/preprod.intermarche-vm.produdev.be\/files\/uploads\/2022\/10\/logo-intermarche.png","contentUrl":"https:\/\/preprod.intermarche-vm.produdev.be\/files\/uploads\/2022\/10\/logo-intermarche.png","width":1200,"height":1200,"caption":"Intermarch\u00e9"},"image":{"@id":"https:\/\/preprod.intermarche-vm.produdev.be\/nl\/#\/schema\/logo\/image\/"},"sameAs":["https:\/\/www.facebook.com\/intermarchebelgique","https:\/\/www.instagram.com\/intermarchebelgium\/"]}]}},"publishpress_future_workflow_manual_trigger":{"enabledWorkflows":[]},"_links":{"self":[{"href":"https:\/\/preprod.intermarche-vm.produdev.be\/nl\/wp-json\/wp\/v2\/pages\/87518","targetHints":{"allow":["GET"]}}],"collection":[{"href":"https:\/\/preprod.intermarche-vm.produdev.be\/nl\/wp-json\/wp\/v2\/pages"}],"about":[{"href":"https:\/\/preprod.intermarche-vm.produdev.be\/nl\/wp-json\/wp\/v2\/types\/page"}],"author":[{"embeddable":true,"href":"https:\/\/preprod.intermarche-vm.produdev.be\/nl\/wp-json\/wp\/v2\/users\/3"}],"replies":[{"embeddable":true,"href":"https:\/\/preprod.intermarche-vm.produdev.be\/nl\/wp-json\/wp\/v2\/comments?post=87518"}],"version-history":[{"count":0,"href":"https:\/\/preprod.intermarche-vm.produdev.be\/nl\/wp-json\/wp\/v2\/pages\/87518\/revisions"}],"up":[{"embeddable":true,"href":"https:\/\/preprod.intermarche-vm.produdev.be\/nl\/wp-json\/wp\/v2\/pages\/25397"}],"wp:attachment":[{"href":"https:\/\/preprod.intermarche-vm.produdev.be\/nl\/wp-json\/wp\/v2\/media?parent=87518"}],"curies":[{"name":"wp","href":"https:\/\/api.w.org\/{rel}","templated":true}]}}