{"id":28878,"date":"2022-06-28T17:31:30","date_gmt":"2022-06-28T15:31:30","guid":{"rendered":"https:\/\/preprod.intermarche-vm.produdev.be\/notre-histoire\/"},"modified":"2022-12-02T16:25:36","modified_gmt":"2022-12-02T15:25:36","slug":"onze-geschiedenis","status":"publish","type":"page","link":"https:\/\/preprod.intermarche-vm.produdev.be\/nl\/wie-zijn-we\/onze-geschiedenis\/","title":{"rendered":"Onze geschiedenis"},"content":{"rendered":"<div class=\"wpb-content-wrapper\"><p>[vc_row full_width=&#8221;stretch_row&#8221; equal_height=&#8221;yes&#8221; content_placement=&#8221;bottom&#8221; el_class=&#8221;bg-primary overflow-visible pt-2 mb-2&#8243;][vc_column offset=&#8221;vc_col-md-7&#8243; el_class=&#8221;text-center text-lg-start pb-2&#8243;][vc_column_text el_class=&#8221;text-white text-start mb-1&#8243;]<\/p>\n<h1><em>Onze<\/em> geschiedenis<\/h1>\n<p>[\/vc_column_text][\/vc_column][vc_column offset=&#8221;vc_col-md-5 vc_hidden-sm vc_hidden-xs&#8221;][vc_single_image image=&#8221;5430&#8243; img_size=&#8221;600&#215;400&#8243; alignment=&#8221;center&#8221; style=&#8221;vc_box_rounded&#8221; el_class=&#8221;mb-n2&#8243; css=&#8221;.vc_custom_1669727362602{border-top-width: 1px !important;border-right-width: 1px !important;border-bottom-width: 1px !important;border-left-width: 1px !important;border-left-color: rgba(0,0,0,0.17) !important;border-left-style: solid !important;border-right-color: rgba(0,0,0,0.17) !important;border-right-style: solid !important;border-top-color: rgba(0,0,0,0.17) !important;border-top-style: solid !important;border-bottom-color: rgba(0,0,0,0.17) !important;border-bottom-style: solid !important;border-radius: 5px !important;}&#8221;][\/vc_column][\/vc_row][vc_row el_class=&#8221;mt-2 mb-3&#8243;][vc_column][vc_column_text el_class=&#8221;mb-0&#8243;]<\/p>\n<h5>1969<\/h5>\n<div>\n<p>De groep Leclerc splitst. \u00c9douard Leclerc en Jean Pierre Le Roch besluiten elk hun eigen weg te gaan. 75 onafhankelijke distributeurs scharen zich rond Jean-Pierre LE-ROCH onder de merknaam EX, die al vrij snel wordt omgedoopt tot Intermarch\u00e9, de Musketiers van de voedingsdistributie. Het logo wordt ontwikkeld.<\/p>\n<\/div>\n<p>[\/vc_column_text][\/vc_column][\/vc_row][vc_row el_class=&#8221;mt-2 mb-3&#8243;][vc_column][vc_column_text el_class=&#8221;mb-0&#8243;]<\/p>\n<h5>1969 &#8211; 1979<\/h5>\n<div>\n<p>De onafhankelijke distributeurs organiseren zich: ieder aangesloten lid besteedt twee dagen per week aan de Musketiers om de werking van de groep te verzekeren; de indeling van het werkrooster van de Musketiers in drie blokken is geboren. Iedere beslissing wordt door de regioverantwoordelijken gezamenlijk genomen en door de nationale verantwoordelijken onderzocht.<\/p>\n<\/div>\n<p>[\/vc_column_text][\/vc_column][\/vc_row][vc_row el_class=&#8221;mt-2 mb-3&#8243;][vc_column][vc_column_text el_class=&#8221;mb-0&#8243;]<\/p>\n<h5>1979 &#8211; 1986<\/h5>\n<div>\n<p>Vanaf 1979 onderzoeken de Musketiers meerdere ontwikkelingspistes. Zo ontstaan Bricomarch\u00e9 (1979), Restaumarch\u00e9 (1980) Stationmarch\u00e9 (1982-vandaag Roady), V\u00eati en Ecomarch\u00e9 (1986).<\/p>\n<\/div>\n<p>[\/vc_column_text][\/vc_column][\/vc_row][vc_row el_class=&#8221;mt-2 mb-3&#8243;][vc_column][vc_column_text el_class=&#8221;mb-0&#8243;]<\/p>\n<h5>1988 &#8211; 1997<\/h5>\n<div>\n<p>Einde jaren 1980 beslissen de Musketiers hun model te exporteren. In 1988 opent de eerste Intermarch\u00e9 in Spanje. Ze vestigen zich in 1991 in Portugal en in Belgi\u00eb, gevolgd, in 1997, door Polen.<\/p>\n<\/div>\n<p>[\/vc_column_text][\/vc_column][\/vc_row][vc_row el_class=&#8221;mt-2 mb-3&#8243;][vc_column][vc_column_text el_class=&#8221;mb-0&#8243;]<\/p>\n<h5>1989<\/h5>\n<div>\n<p>De Musketiers richten de harddiscounter CDM (Comptoir des Marchandises) op die in 2001 wordt omgedoopt tot Netto.<\/p>\n<\/div>\n<p>[\/vc_column_text][\/vc_column][\/vc_row][vc_row el_class=&#8221;mt-2 mb-3&#8243;][vc_column][vc_column_text el_class=&#8221;mb-0&#8243;]<\/p>\n<h5>1991<\/h5>\n<div>\n<p>Opening in Belgi\u00eb van de eerste INTERMARCHE in Moeskroen door Mireille en Albert Debussch\u00e8re, die nog steeds actief zijn.<\/p>\n<\/div>\n<p>[\/vc_column_text][\/vc_column][\/vc_row][vc_row el_class=&#8221;mt-2 mb-3&#8243;][vc_column][vc_column_text el_class=&#8221;mb-0&#8243;]<\/p>\n<h5>1996<\/h5>\n<div>\n<div id=\"node-12264\" class=\"timeline-panel node node-ligne-du-temps node-teaser contextual-links-region clearfix\">\n<div class=\"timeline-body\">\n<div class=\"field field-name-body field-type-text-with-summary field-label-hidden\">\n<div class=\"field-items\">\n<div class=\"field-item\">\n<div id=\"node-12278\" class=\"timeline-panel node node-ligne-du-temps node-teaser contextual-links-region clearfix\">\n<div class=\"timeline-body\">\n<div class=\"field field-name-body field-type-text-with-summary field-label-hidden\">\n<div class=\"field-items\">\n<div class=\"field-item\">\n<p>In Belgi\u00eb opent de Basis van Villers-le-Bouillet van waaruit de Belgische verkooppunten worden bevoorraad.<\/p>\n<\/div>\n<\/div>\n<\/div>\n<\/div>\n<\/div>\n<\/div>\n<\/div>\n<\/div>\n<\/div>\n<\/div>\n<\/div>\n<p>[\/vc_column_text][\/vc_column][\/vc_row][vc_row el_class=&#8221;mt-2 mb-3&#8243;][vc_column][vc_column_text el_class=&#8221;mb-0&#8243;]<\/p>\n<h5>1997<\/h5>\n<div>\n<div id=\"node-12264\" class=\"timeline-panel node node-ligne-du-temps node-teaser contextual-links-region clearfix\">\n<div class=\"timeline-body\">\n<div class=\"field field-name-body field-type-text-with-summary field-label-hidden\">\n<div class=\"field-items\">\n<div class=\"field-item\">\n<div class=\"field field-name-body field-type-text-with-summary field-label-hidden\">\n<div class=\"field-items\">\n<div class=\"field-item\">\n<p>In Belgi\u00eb, opening in Assesse van de eerste Ecomarch\u00e9 (voortaan Intermarch\u00e9 Contact).<\/p>\n<\/div>\n<\/div>\n<\/div>\n<\/div>\n<\/div>\n<\/div>\n<\/div>\n<\/div>\n<\/div>\n<p>[\/vc_column_text][\/vc_column][\/vc_row][vc_row el_class=&#8221;mt-2 mb-3&#8243;][vc_column][vc_column_text el_class=&#8221;mb-0&#8243;]<\/p>\n<h5>1997<\/h5>\n<div>\n<div id=\"node-12264\" class=\"timeline-panel node node-ligne-du-temps node-teaser contextual-links-region clearfix\">\n<div class=\"timeline-body\">\n<div class=\"field field-name-body field-type-text-with-summary field-label-hidden\">\n<div class=\"field-items\">\n<div class=\"field-item\">\n<div class=\"field field-name-body field-type-text-with-summary field-label-hidden\">\n<div class=\"field-items\">\n<div class=\"field-item\">\n<p>Om hun verdere ontwikkeling te verzekeren knoopten De Musketiers ook banden met de distributeurs aan. In 1997 bezegelen De Musketiers een samenwerkingsverband binnen de doe-het-zelfsector met Rona in Qu\u00e9bec en richten ze ARAN, de Europese doe-het-zelf-aankoopcentrale, op.<\/p>\n<\/div>\n<\/div>\n<\/div>\n<\/div>\n<\/div>\n<\/div>\n<\/div>\n<\/div>\n<\/div>\n<p>[\/vc_column_text][\/vc_column][\/vc_row][vc_row el_class=&#8221;mt-2 mb-3&#8243;][vc_column][vc_column_text el_class=&#8221;mb-0&#8243;]<\/p>\n<h5>1999<\/h5>\n<div>\n<div id=\"node-12264\" class=\"timeline-panel node node-ligne-du-temps node-teaser contextual-links-region clearfix\">\n<div class=\"timeline-body\">\n<div class=\"field field-name-body field-type-text-with-summary field-label-hidden\">\n<div class=\"field-items\">\n<div class=\"field-item\">\n<div class=\"field field-name-body field-type-text-with-summary field-label-hidden\">\n<div class=\"field-items\">\n<div class=\"field-item\">\n<p>De Musketiers zetten hun opmars door en openen in de Balkan het eerste verkooppunt in Sarajevo (Bosni\u00eb) onder de naam INTEREX. Vervolgens gaat het verder richting Roemeni\u00eb (in 2002) en Servi\u00eb (2004), nog steeds onder de naam Interex.<\/p>\n<\/div>\n<\/div>\n<\/div>\n<\/div>\n<\/div>\n<\/div>\n<\/div>\n<\/div>\n<\/div>\n<p>[\/vc_column_text][\/vc_column][\/vc_row][vc_row el_class=&#8221;mt-2 mb-3&#8243;][vc_column][vc_column_text el_class=&#8221;mb-0&#8243;]<\/p>\n<h5>2002<\/h5>\n<div>\n<div id=\"node-12264\" class=\"timeline-panel node node-ligne-du-temps node-teaser contextual-links-region clearfix\">\n<div class=\"timeline-body\">\n<div class=\"field field-name-body field-type-text-with-summary field-label-hidden\">\n<div class=\"field-items\">\n<div class=\"field-item\">\n<div class=\"field field-name-body field-type-text-with-summary field-label-hidden\">\n<div class=\"field-items\">\n<div class=\"field-item\">\n<p>De Musketiers sluiten in Spanje een verbond met de Voedingsgroep EROSKI en richten de voedingsaankoopcentrale, ALIDIS, op waartoe de Duitse distributeur EDEKA in 2005 toetreedt.<\/p>\n<\/div>\n<\/div>\n<\/div>\n<\/div>\n<\/div>\n<\/div>\n<\/div>\n<\/div>\n<\/div>\n<p>[\/vc_column_text][\/vc_column][\/vc_row][vc_row el_class=&#8221;mt-2 mb-3&#8243;][vc_column][vc_column_text el_class=&#8221;mb-0&#8243;]<\/p>\n<h5>2009 &#8211; 2021<\/h5>\n<div>\n<div id=\"node-12264\" class=\"timeline-panel node node-ligne-du-temps node-teaser contextual-links-region clearfix\">\n<div class=\"timeline-body\">\n<div class=\"field field-name-body field-type-text-with-summary field-label-hidden\">\n<div class=\"field-items\">\n<div class=\"field-item\">\n<div class=\"field field-name-body field-type-text-with-summary field-label-hidden\">\n<div class=\"field-items\">\n<div class=\"field-item\">\n<p>De Intermarch\u00e9-groep breidt zich uit in Belgi\u00eb en stabiliseert zich op ongeveer 80 winkels.<\/p>\n<\/div>\n<\/div>\n<\/div>\n<\/div>\n<\/div>\n<\/div>\n<\/div>\n<\/div>\n<\/div>\n<p>[\/vc_column_text][\/vc_column][\/vc_row][vc_row el_class=&#8221;mt-2 mb-3&#8243;][vc_column][vc_column_text el_class=&#8221;mb-0&#8243;]<\/p>\n<h5>2015<\/h5>\n<div>\n<div id=\"node-12264\" class=\"timeline-panel node node-ligne-du-temps node-teaser contextual-links-region clearfix\">\n<div class=\"timeline-body\">\n<div class=\"field field-name-body field-type-text-with-summary field-label-hidden\">\n<div class=\"field-items\">\n<div class=\"field-item\">\n<div class=\"field field-name-body field-type-text-with-summary field-label-hidden\">\n<div class=\"field-items\">\n<div class=\"field-item\">\n<p>De groep zet een strategiewijziging in die loont, en wordt groeileider in de Belgische detailhandel.<\/p>\n<\/div>\n<\/div>\n<\/div>\n<\/div>\n<\/div>\n<\/div>\n<\/div>\n<\/div>\n<\/div>\n<p>[\/vc_column_text][\/vc_column][\/vc_row][vc_row el_class=&#8221;mt-2 mb-3&#8243;][vc_column][vc_column_text el_class=&#8221;mb-0&#8243;]<\/p>\n<h5>2022<\/h5>\n<div>\n<div id=\"node-12264\" class=\"timeline-panel node node-ligne-du-temps node-teaser contextual-links-region clearfix\">\n<div class=\"timeline-body\">\n<div class=\"field field-name-body field-type-text-with-summary field-label-hidden\">\n<div class=\"field-items\">\n<div class=\"field-item\">\n<div class=\"field field-name-body field-type-text-with-summary field-label-hidden\">\n<div class=\"field-items\">\n<div class=\"field-item\">\n<p>De groep Intermarch\u00e9 neemt de groep Mestdagh over, waardoor deze zijn oppervlakte kan verdubbelen. Tegen 2023 zal de groep 166 winkels in Belgi\u00eb hebben.<\/p>\n<\/div>\n<\/div>\n<\/div>\n<\/div>\n<\/div>\n<\/div>\n<\/div>\n<\/div>\n<\/div>\n<p>[\/vc_column_text][\/vc_column][\/vc_row]<\/p>\n<\/div>","protected":false},"excerpt":{"rendered":"<p>[vc_row full_width=&#8221;stretch_row&#8221; equal_height=&#8221;yes&#8221; content_placement=&#8221;bottom&#8221; el_class=&#8221;bg-primary overflow-visible pt-2 mb-2&#8243;][vc_column offset=&#8221;vc_col-md-7&#8243; el_class=&#8221;text-center text-lg-start pb-2&#8243;][vc_column_text el_class=&#8221;text-white text-start mb-1&#8243;] Onze geschiedenis [\/vc_column_text][\/vc_column][vc_column offset=&#8221;vc_col-md-5 vc_hidden-sm vc_hidden-xs&#8221;][vc_single_image image=&#8221;5430&#8243; img_size=&#8221;600&#215;400&#8243; alignment=&#8221;center&#8221; style=&#8221;vc_box_rounded&#8221; el_class=&#8221;mb-n2&#8243; css=&#8221;.vc_custom_1669727362602{border-top-width: 1px !important;border-right-width: 1px !important;border-bottom-width: 1px !important;border-left-width: 1px !important;border-left-color: rgba(0,0,0,0.17) !important;border-left-style: solid !important;border-right-color: rgba(0,0,0,0.17) !important;border-right-style: solid !important;border-top-color: rgba(0,0,0,0.17) !important;border-top-style: solid !important;border-bottom-color: rgba(0,0,0,0.17) !important;border-bottom-style: solid !important;border-radius: 5px !important;}&#8221;][\/vc_column][\/vc_row][vc_row el_class=&#8221;mt-2 mb-3&#8243;][vc_column][vc_column_text [&hellip;]<\/p>\n","protected":false},"author":1,"featured_media":0,"parent":29397,"menu_order":0,"comment_status":"closed","ping_status":"closed","template":"","meta":{"_acf_changed":false,"footnotes":""},"class_list":["post-28878","page","type-page","status-publish","hentry"],"acf":[],"yoast_head":"<!-- This site is optimized with the Yoast SEO plugin v26.9 - https:\/\/yoast.com\/product\/yoast-seo-wordpress\/ -->\n<title>Onze geschiedenis | Intermarch\u00e9<\/title>\n<meta name=\"robots\" content=\"noindex, follow, max-snippet:-1, max-image-preview:large, max-video-preview:-1\" \/>\n<meta property=\"og:locale\" content=\"nl_NL\" \/>\n<meta property=\"og:type\" content=\"article\" \/>\n<meta property=\"og:title\" content=\"Onze geschiedenis | Intermarch\u00e9\" \/>\n<meta property=\"og:description\" content=\"[vc_row full_width=&#8221;stretch_row&#8221; equal_height=&#8221;yes&#8221; content_placement=&#8221;bottom&#8221; el_class=&#8221;bg-primary overflow-visible pt-2 mb-2&#8243;][vc_column offset=&#8221;vc_col-md-7&#8243; el_class=&#8221;text-center text-lg-start pb-2&#8243;][vc_column_text el_class=&#8221;text-white text-start mb-1&#8243;] Onze geschiedenis [\/vc_column_text][\/vc_column][vc_column offset=&#8221;vc_col-md-5 vc_hidden-sm vc_hidden-xs&#8221;][vc_single_image image=&#8221;5430&#8243; img_size=&#8221;600&#215;400&#8243; alignment=&#8221;center&#8221; style=&#8221;vc_box_rounded&#8221; el_class=&#8221;mb-n2&#8243; css=&#8221;.vc_custom_1669727362602{border-top-width: 1px !important;border-right-width: 1px !important;border-bottom-width: 1px !important;border-left-width: 1px !important;border-left-color: rgba(0,0,0,0.17) !important;border-left-style: solid !important;border-right-color: rgba(0,0,0,0.17) !important;border-right-style: solid !important;border-top-color: rgba(0,0,0,0.17) !important;border-top-style: solid !important;border-bottom-color: rgba(0,0,0,0.17) !important;border-bottom-style: solid !important;border-radius: 5px !important;}&#8221;][\/vc_column][\/vc_row][vc_row el_class=&#8221;mt-2 mb-3&#8243;][vc_column][vc_column_text [&hellip;]\" \/>\n<meta property=\"og:url\" content=\"https:\/\/preprod.intermarche-vm.produdev.be\/nl\/wie-zijn-we\/onze-geschiedenis\/\" \/>\n<meta property=\"og:site_name\" content=\"Intermarch\u00e9\" \/>\n<meta property=\"article:publisher\" content=\"https:\/\/www.facebook.com\/intermarchebelgique\" \/>\n<meta property=\"article:modified_time\" content=\"2022-12-02T15:25:36+00:00\" \/>\n<meta property=\"og:image\" content=\"https:\/\/preprod.intermarche-vm.produdev.be\/files\/uploads\/2024\/02\/intermarche-og.png\" \/>\n\t<meta property=\"og:image:width\" content=\"1920\" \/>\n\t<meta property=\"og:image:height\" content=\"1080\" \/>\n\t<meta property=\"og:image:type\" content=\"image\/png\" \/>\n<meta name=\"twitter:card\" content=\"summary_large_image\" \/>\n<script type=\"application\/ld+json\" class=\"yoast-schema-graph\">{\"@context\":\"https:\/\/schema.org\",\"@graph\":[{\"@type\":\"WebPage\",\"@id\":\"https:\/\/preprod.intermarche-vm.produdev.be\/nl\/wie-zijn-we\/onze-geschiedenis\/\",\"url\":\"https:\/\/preprod.intermarche-vm.produdev.be\/nl\/wie-zijn-we\/onze-geschiedenis\/\",\"name\":\"Onze geschiedenis | Intermarch\u00e9\",\"isPartOf\":{\"@id\":\"https:\/\/preprod.intermarche-vm.produdev.be\/nl\/#website\"},\"datePublished\":\"2022-06-28T15:31:30+00:00\",\"dateModified\":\"2022-12-02T15:25:36+00:00\",\"breadcrumb\":{\"@id\":\"https:\/\/preprod.intermarche-vm.produdev.be\/nl\/wie-zijn-we\/onze-geschiedenis\/#breadcrumb\"},\"inLanguage\":\"nl-NL\",\"potentialAction\":[{\"@type\":\"ReadAction\",\"target\":[\"https:\/\/preprod.intermarche-vm.produdev.be\/nl\/wie-zijn-we\/onze-geschiedenis\/\"]}]},{\"@type\":\"BreadcrumbList\",\"@id\":\"https:\/\/preprod.intermarche-vm.produdev.be\/nl\/wie-zijn-we\/onze-geschiedenis\/#breadcrumb\",\"itemListElement\":[{\"@type\":\"ListItem\",\"position\":1,\"name\":\"Home\",\"item\":\"https:\/\/preprod.intermarche-vm.produdev.be\/nl\/\"},{\"@type\":\"ListItem\",\"position\":2,\"name\":\"Wie zijn we ?\",\"item\":\"https:\/\/preprod.intermarche-vm.produdev.be\/nl\/wie-zijn-we\/\"},{\"@type\":\"ListItem\",\"position\":3,\"name\":\"Onze geschiedenis\"}]},{\"@type\":\"WebSite\",\"@id\":\"https:\/\/preprod.intermarche-vm.produdev.be\/nl\/#website\",\"url\":\"https:\/\/preprod.intermarche-vm.produdev.be\/nl\/\",\"name\":\"Intermarch\u00e9 Belgique\",\"description\":\"\",\"publisher\":{\"@id\":\"https:\/\/preprod.intermarche-vm.produdev.be\/nl\/#organization\"},\"potentialAction\":[{\"@type\":\"SearchAction\",\"target\":{\"@type\":\"EntryPoint\",\"urlTemplate\":\"https:\/\/preprod.intermarche-vm.produdev.be\/nl\/?s={search_term_string}\"},\"query-input\":{\"@type\":\"PropertyValueSpecification\",\"valueRequired\":true,\"valueName\":\"search_term_string\"}}],\"inLanguage\":\"nl-NL\"},{\"@type\":\"Organization\",\"@id\":\"https:\/\/preprod.intermarche-vm.produdev.be\/nl\/#organization\",\"name\":\"Intermarch\u00e9\",\"url\":\"https:\/\/preprod.intermarche-vm.produdev.be\/nl\/\",\"logo\":{\"@type\":\"ImageObject\",\"inLanguage\":\"nl-NL\",\"@id\":\"https:\/\/preprod.intermarche-vm.produdev.be\/nl\/#\/schema\/logo\/image\/\",\"url\":\"https:\/\/preprod.intermarche-vm.produdev.be\/files\/uploads\/2022\/10\/logo-intermarche.png\",\"contentUrl\":\"https:\/\/preprod.intermarche-vm.produdev.be\/files\/uploads\/2022\/10\/logo-intermarche.png\",\"width\":1200,\"height\":1200,\"caption\":\"Intermarch\u00e9\"},\"image\":{\"@id\":\"https:\/\/preprod.intermarche-vm.produdev.be\/nl\/#\/schema\/logo\/image\/\"},\"sameAs\":[\"https:\/\/www.facebook.com\/intermarchebelgique\",\"https:\/\/www.instagram.com\/intermarchebelgium\/\"]}]}<\/script>\n<!-- \/ Yoast SEO plugin. -->","yoast_head_json":{"title":"Onze geschiedenis | Intermarch\u00e9","robots":{"index":"noindex","follow":"follow","max-snippet":"max-snippet:-1","max-image-preview":"max-image-preview:large","max-video-preview":"max-video-preview:-1"},"og_locale":"nl_NL","og_type":"article","og_title":"Onze geschiedenis | Intermarch\u00e9","og_description":"[vc_row full_width=&#8221;stretch_row&#8221; equal_height=&#8221;yes&#8221; content_placement=&#8221;bottom&#8221; el_class=&#8221;bg-primary overflow-visible pt-2 mb-2&#8243;][vc_column offset=&#8221;vc_col-md-7&#8243; el_class=&#8221;text-center text-lg-start pb-2&#8243;][vc_column_text el_class=&#8221;text-white text-start mb-1&#8243;] Onze geschiedenis [\/vc_column_text][\/vc_column][vc_column offset=&#8221;vc_col-md-5 vc_hidden-sm vc_hidden-xs&#8221;][vc_single_image image=&#8221;5430&#8243; img_size=&#8221;600&#215;400&#8243; alignment=&#8221;center&#8221; style=&#8221;vc_box_rounded&#8221; el_class=&#8221;mb-n2&#8243; css=&#8221;.vc_custom_1669727362602{border-top-width: 1px !important;border-right-width: 1px !important;border-bottom-width: 1px !important;border-left-width: 1px !important;border-left-color: rgba(0,0,0,0.17) !important;border-left-style: solid !important;border-right-color: rgba(0,0,0,0.17) !important;border-right-style: solid !important;border-top-color: rgba(0,0,0,0.17) !important;border-top-style: solid !important;border-bottom-color: rgba(0,0,0,0.17) !important;border-bottom-style: solid !important;border-radius: 5px !important;}&#8221;][\/vc_column][\/vc_row][vc_row el_class=&#8221;mt-2 mb-3&#8243;][vc_column][vc_column_text [&hellip;]","og_url":"https:\/\/preprod.intermarche-vm.produdev.be\/nl\/wie-zijn-we\/onze-geschiedenis\/","og_site_name":"Intermarch\u00e9","article_publisher":"https:\/\/www.facebook.com\/intermarchebelgique","article_modified_time":"2022-12-02T15:25:36+00:00","og_image":[{"width":1920,"height":1080,"url":"https:\/\/preprod.intermarche-vm.produdev.be\/files\/uploads\/2024\/02\/intermarche-og.png","type":"image\/png"}],"twitter_card":"summary_large_image","schema":{"@context":"https:\/\/schema.org","@graph":[{"@type":"WebPage","@id":"https:\/\/preprod.intermarche-vm.produdev.be\/nl\/wie-zijn-we\/onze-geschiedenis\/","url":"https:\/\/preprod.intermarche-vm.produdev.be\/nl\/wie-zijn-we\/onze-geschiedenis\/","name":"Onze geschiedenis | Intermarch\u00e9","isPartOf":{"@id":"https:\/\/preprod.intermarche-vm.produdev.be\/nl\/#website"},"datePublished":"2022-06-28T15:31:30+00:00","dateModified":"2022-12-02T15:25:36+00:00","breadcrumb":{"@id":"https:\/\/preprod.intermarche-vm.produdev.be\/nl\/wie-zijn-we\/onze-geschiedenis\/#breadcrumb"},"inLanguage":"nl-NL","potentialAction":[{"@type":"ReadAction","target":["https:\/\/preprod.intermarche-vm.produdev.be\/nl\/wie-zijn-we\/onze-geschiedenis\/"]}]},{"@type":"BreadcrumbList","@id":"https:\/\/preprod.intermarche-vm.produdev.be\/nl\/wie-zijn-we\/onze-geschiedenis\/#breadcrumb","itemListElement":[{"@type":"ListItem","position":1,"name":"Home","item":"https:\/\/preprod.intermarche-vm.produdev.be\/nl\/"},{"@type":"ListItem","position":2,"name":"Wie zijn we ?","item":"https:\/\/preprod.intermarche-vm.produdev.be\/nl\/wie-zijn-we\/"},{"@type":"ListItem","position":3,"name":"Onze geschiedenis"}]},{"@type":"WebSite","@id":"https:\/\/preprod.intermarche-vm.produdev.be\/nl\/#website","url":"https:\/\/preprod.intermarche-vm.produdev.be\/nl\/","name":"Intermarch\u00e9 Belgique","description":"","publisher":{"@id":"https:\/\/preprod.intermarche-vm.produdev.be\/nl\/#organization"},"potentialAction":[{"@type":"SearchAction","target":{"@type":"EntryPoint","urlTemplate":"https:\/\/preprod.intermarche-vm.produdev.be\/nl\/?s={search_term_string}"},"query-input":{"@type":"PropertyValueSpecification","valueRequired":true,"valueName":"search_term_string"}}],"inLanguage":"nl-NL"},{"@type":"Organization","@id":"https:\/\/preprod.intermarche-vm.produdev.be\/nl\/#organization","name":"Intermarch\u00e9","url":"https:\/\/preprod.intermarche-vm.produdev.be\/nl\/","logo":{"@type":"ImageObject","inLanguage":"nl-NL","@id":"https:\/\/preprod.intermarche-vm.produdev.be\/nl\/#\/schema\/logo\/image\/","url":"https:\/\/preprod.intermarche-vm.produdev.be\/files\/uploads\/2022\/10\/logo-intermarche.png","contentUrl":"https:\/\/preprod.intermarche-vm.produdev.be\/files\/uploads\/2022\/10\/logo-intermarche.png","width":1200,"height":1200,"caption":"Intermarch\u00e9"},"image":{"@id":"https:\/\/preprod.intermarche-vm.produdev.be\/nl\/#\/schema\/logo\/image\/"},"sameAs":["https:\/\/www.facebook.com\/intermarchebelgique","https:\/\/www.instagram.com\/intermarchebelgium\/"]}]}},"publishpress_future_workflow_manual_trigger":{"enabledWorkflows":[]},"_links":{"self":[{"href":"https:\/\/preprod.intermarche-vm.produdev.be\/nl\/wp-json\/wp\/v2\/pages\/28878","targetHints":{"allow":["GET"]}}],"collection":[{"href":"https:\/\/preprod.intermarche-vm.produdev.be\/nl\/wp-json\/wp\/v2\/pages"}],"about":[{"href":"https:\/\/preprod.intermarche-vm.produdev.be\/nl\/wp-json\/wp\/v2\/types\/page"}],"author":[{"embeddable":true,"href":"https:\/\/preprod.intermarche-vm.produdev.be\/nl\/wp-json\/wp\/v2\/users\/1"}],"replies":[{"embeddable":true,"href":"https:\/\/preprod.intermarche-vm.produdev.be\/nl\/wp-json\/wp\/v2\/comments?post=28878"}],"version-history":[{"count":0,"href":"https:\/\/preprod.intermarche-vm.produdev.be\/nl\/wp-json\/wp\/v2\/pages\/28878\/revisions"}],"up":[{"embeddable":true,"href":"https:\/\/preprod.intermarche-vm.produdev.be\/nl\/wp-json\/wp\/v2\/pages\/29397"}],"wp:attachment":[{"href":"https:\/\/preprod.intermarche-vm.produdev.be\/nl\/wp-json\/wp\/v2\/media?parent=28878"}],"curies":[{"name":"wp","href":"https:\/\/api.w.org\/{rel}","templated":true}]}}