{"id":25679,"date":"2022-12-02T10:04:45","date_gmt":"2022-12-02T09:04:45","guid":{"rendered":"https:\/\/preprod.intermarche-vm.produdev.be\/intermarche-kaart\/conditions-generales-de-la-carte-intermarche\/"},"modified":"2024-02-13T10:24:17","modified_gmt":"2024-02-13T09:24:17","slug":"algemene-gebruiksvoorwaarden-van-de-intermarche-kaart","status":"publish","type":"page","link":"https:\/\/preprod.intermarche-vm.produdev.be\/nl\/de-intermarche-kaart\/algemene-gebruiksvoorwaarden-van-de-intermarche-kaart\/","title":{"rendered":"Algemene gebruiksvoorwaarden van de Intermarch\u00e9-kaart"},"content":{"rendered":"<div class=\"wpb-content-wrapper\"><p>[vc_row full_width=&#8221;stretch_row&#8221; content_placement=&#8221;middle&#8221; el_class=&#8221;bg-primary&#8221;][vc_column offset=&#8221;vc_col-lg-8 vc_col-md-7&#8243; el_class=&#8221;pt-2 pt-lg-1 pb-lg-1&#8243;][vc_custom_heading text=&#8221;<em>Algemene gebruiksvoorwaarden<\/em> van de Intermarch\u00e9-kaart&#8221; font_container=&#8221;tag:h1|text_align:left&#8221; use_theme_fonts=&#8221;yes&#8221; el_class=&#8221;text-white&#8221;][\/vc_column][vc_column offset=&#8221;vc_col-lg-4 vc_col-md-5&#8243;][vc_single_image image=&#8221;25669&#8243; img_size=&#8221;large&#8221; alignment=&#8221;right&#8221; el_class=&#8221;mb-0 mt-lg-1 mt-n05&#8243;][\/vc_column][\/vc_row][vc_row el_class=&#8221;mt-2&#8243;][vc_column][vc_column_text]<\/p>\n<h5>Bijgewerkt op 19 oktober 2022<\/h5>\n<p>&nbsp;<\/p>\n<h4><strong>1. DEFINITIES<\/strong><\/h4>\n<p><strong>\u00ab ITM-kaart \u00bb\u00a0<\/strong>: een digitale\/materi\u00eble kaart die u kunt aanvragen bij een ITM-verkooppunt of via onze website en waarmee u, door een geldige klantenaccount aan te maken, kunt profiteren van de voordelen van de ITM-kaart.<\/p>\n<p><strong>\u00ab Klant \u00bb\u00a0<\/strong>: de natuurlijke persoon die de website van ITM bezoekt, de kiosken gebruikt of in het algemeen de ITM-kaart gebruikt. De klant is een natuurlijke, meerderjarige persoon en wordt in dit beleid aangesproken met het persoonlijk voornaamwoord in de tweede persoon enkelvoud \u00ab u \u00bb.<\/p>\n<p><strong>\u00ab ITM \u00bb\u00a0<\/strong>: IITM Alimentaire Belgium, een naamloze vennootschap met maatschappelijke zetel te 4, Rue du Bosquet 1348 Louvain-la-Neuve, ingeschreven bij de Kruispuntbank van Ondernemingen onder het nummer 0458.113.776, Tel. 010 47 17 00, E-mail:\u00a0<a href=\"mailto:'consommateursintermarchebelgique@mousquetaires.com'\">consommateursintermarchebelgique@mousquetaires.com<\/a>.<\/p>\n<p><strong>\u00ab Kiosk \u00bb\u00a0<\/strong>: elektronische terminals die in de meeste vestigingen van ITM beschikbaar zijn, waarop klanten een account kunnen aanmaken en hun kaart kunnen activeren, toegang krijgen tot hun profielinformatie en die informatie indien nodig kunnen wijzigen of bepaalde voordelen kunnen activeren.<\/p>\n<p><strong>\u00ab Winsten \u00bb\u00a0<\/strong>: een bedrag in euro dat op de ITM-kaart van de klant wordt gezet, afhankelijk van de aankopen van de klant. De producten waarmee de klant euro&#8217;s kan winnen op zijn kaart zijn duidelijk omschreven in onze commerci\u00eble communicatie en\/of in de winkel.<\/p>\n<h4><strong>2. GETROUWHEIDSPROGRAMMA<\/strong><\/h4>\n<p>Het getrouwheidsprogramma is ontwikkeld door ITM Alimentaire Belgium en blijft zijn eigendom. Alle documenten en de getrouwheidskaart worden in bewaring gegeven, maar blijven het eigendom van ITM Alimentaire Belgium.<\/p>\n<p>Het doel is om consumenten die trouw zijn aan Intermarch\u00e9 te belonen door hen, op basis van hun aankopen, winsten in euro toe te kennen.<\/p>\n<p>LDeze algemene gebruiksvoorwaarden (hierna &#8220;AGV&#8221;) bepalen de rechten en plichten van de partijen in verband met het gebruik van de ITM-kaart.<\/p>\n<p>Wanneer iemand zich inschrijft voor het getrouwheidsprogramma, impliceert dat de volledige aanvaarding van deze algemene voorwaarden. Deze AGV zijn op aanvraag verkrijgbaar aan het onthaal van de Intermarch\u00e9 die u de kaart heeft bezorgd, of op schriftelijk verzoek aan: ITM Alimentaire Belgium &#8211; Carte de fid\u00e9lit\u00e9 &#8211; Rue du Bosquet 4 &#8211; 1348 Louvain-la-Neuve of op de site\u00a0<a href=\"https:\/\/preprod.intermarche-vm.produdev.be\/\">www.intermarche.be<\/a>.<\/p>\n<h4><strong>3. HOE VERKRIJGT U DE INTERMARCH\u00c9-KAART ?<\/strong><\/h4>\n<p>De INTERMARCH\u00c9-kaart is een gratis getrouwheidskaart die op aanvraag en in de verkooppunten van INTERMARCH\u00c9 aangeboden wordt aan personen vanaf 18 jaar. De kaart is strikt voorbehouden aan particulieren en kan enkel in Belgi\u00eb gebruikt worden.<\/p>\n<p>Om uw INTERMARCH\u00c9-kaart te activeren, moet u uw gegevens registreren bij uw verkooppunt van INTERMARCH\u00c9 of op de website via de volgende link:\u00a0<a href=\"https:\/\/preprod.intermarche-vm.produdev.be\/nl\/activatiekaart\" target=\"_blank\" rel=\"noopener\">https:\/\/preprod.intermarche-vm.produdev.be\/nl\/activatiekaart<\/a>. Per natuurlijke persoon (zelfde naam, zelfde adres, identiteitsbewijs wordt gevraagd) wordt slechts \u00e9\u00e9n kaart afgegeven, samen met een minikaart waarmee dezelfde winsten in euro kunnen worden verzameld als met de kaart zelf.<\/p>\n<h4><strong>4. GEBRUIKSMODALITEITEN<\/strong><\/h4>\n<p>In het kader van het getrouwheidsprogramma kan de kaarthouder of elke persoon die deel uitmaakt van hetzelfde huishouden de\u00a0<b>INTERMARCH\u00c9-kaart gebruiken om in de deelnemende Belgische verkooppunten van Intermarch\u00e9 winsten in euro te verzamelen<\/b>.<\/p>\n<p>Uw Intermarch\u00e9 behoudt zich het recht voor om de accumulatie van winsten in euro voor de aankoop van bepaalde aanbiedingen te beperken. Die beperkingen worden uitdrukkelijk vermeld bij de desbetreffende aanbiedingen.<\/p>\n<p>De winsten in euro worden op uw account bijgeschreven op vertoon van uw INTERMARCH\u00c9-kaart of een van de bijhorende sleutelhangers aan de kassa.<\/p>\n<p>De voorwaarden om winsten in euro te verkrijgen worden vrij bepaald door ITM Alimentaire Belgium. ITM Alimentaire Belgium kan de voorwaarden op elk moment en op eigen initiatief wijzigen, waarbij de klanten met alle passende middelen zullen worden ge\u00efnformeerd.<\/p>\n<p>De volgende keer dat u aan de kassa passeert (behalve bij bijzondere voorwaarden) kunt u op vertoon van uw kaart uw beschikbare saldo laten aftrekken van uw aankopen, maar enkel in elk verkooppunt in Belgi\u00eb.<\/p>\n<p>Om uw beschikbare saldo te laten aftrekken van uw aankopen, moet u uw hoofdkaart van INTERMARCH\u00c9 (sleutelhangers zijn niet voldoende) en een identiteitsbewijs meenemen. Enkel de kaarthouder is gemachtigd om het beschikbare saldo te gebruiken. U zal ook het bijhorende kasticket moeten ondertekenen.<\/p>\n<h5><b>Wie zijn aankopen met zijn INTERMARCH\u00c9-kaart betaalt, heeft geen recht op wisselgeld.<\/b><\/h5>\n<p>Bij teruggave van producten of diensten die voor de INTERMARCH\u00c9-kaarthouder winsten in euro hebben opgeleverd, wordt het winstbedrag handmatig van uw kaartsaldo afgetrokken in de winkel. Bij omruiling van een product dat winsten in euro heeft opgeleverd, zal het overeenkomstige bedrag geen tweede keer gecrediteerd worden.<\/p>\n<p>De deelnemende winkels aan het getrouwheidsprogramma kunnen u vragen om uw identiteit te bewijzen. Doet u dat niet, dan kan de winkel weigeren om u de winsten in euro toe te kennen die verbonden zijn aan het getrouwheidsprogramma.<\/p>\n<h5><strong>In elk verkooppunt in Belgi\u00eb<\/strong><b><strong>, o<\/strong>ntvangt u via het kasticket informatie over:<\/b><\/h5>\n<ul>\n<li>de bewegingen op uw account (debet, krediet, saldo);<\/li>\n<li>gepersonaliseerde aanbiedingen.<\/li>\n<\/ul>\n<h4><strong>5. VOORBEHOUD<\/strong><\/h4>\n<p>Is uw kaart verloren, gestolen of beschadigd geraakt, dan moet u dit melden\u00a0<strong>in eender welk Belgisch verkooppunt van Intermarch\u00e9<\/strong>. U zal een nieuwe kaart ontvangen en de winsten in euro die u reeds verworven had, zullen na aanvaarding door ITM Alimentaire Belgium op uw nieuwe kaart worden gezet.<\/p>\n<p><b>We herinneren eraan dat de kaart persoonlijk is en voorbehouden is aan particulieren, onder normale gebruiksomstandigheden.<\/b><\/p>\n<p>ITM Alimentaire Belgium heeft geen enkele aansprakelijkheid in geval van frauduleus of onrechtmatig gebruik van de kaart of een gebruik dat in strijd is met deze algemene gebruiksvoorwaarden. ITM Alimentaire Belgium behoudt zich het recht voor een Intermarch\u00e9-kaart te deactiveren en\/of eender welke maatregel te nemen die het bedrijf passend acht.<\/p>\n<h4><strong>6. GELDIGHEIDSDUUR VAN DE KAART EN DE WINSTEN IN EURO<\/strong><\/h4>\n<p>De ITM-kaart is onbeperkt geldig. Ze blijft dus geldig tot een van beide partijen de kaart opzegt in overeenstemming met deze AGV.<\/p>\n<p><b>Zo kan ITM Alimentaire Belgium uw kaart stopzetten als ze gedurende meer dan twaalf (12) maanden niet als betaalmiddel wordt gebruikt.<\/b><\/p>\n<p>Bij de stopzetting verliest u uw lidmaatschap in het getrouwheidsprogramma en de voordelen die u in dat kader heeft opgebouwd.<\/p>\n<h4><strong>7. BE\u00cbINDIGING VAN HET GETROUWHEIDSPROGRAMMA VAN ITM ALIMENTAIRE BELGIUM<\/strong><\/h4>\n<p>Onverminderd de overige bepalingen van deze AGV behoudt ITM Alimentaire Belgium zich het recht voor om zijn getrouwheidsprogramma op eender welk moment geheel of gedeeltelijk stop te zetten, in te korten, te wijzigen of te onderbreken, zonder deze beslissing te moeten motiveren. Mocht dit het geval zijn, dan zal u via alle passende middelen op de hoogte worden gebracht.<\/p>\n<p>Als het getrouwheidsprogramma wordt stopgezet, kunnen de kaarthouders hun verworven voordelen nog gebruiken gedurende de aangegeven periode. Daarna zullen ze definitief verloren zijn.<\/p>\n<p>Als u de kaart gedurende meer dan twaalf (12) maanden niet gebruikt, zal de kaart worden stopgezet. In dat geval verliest u uw lidmaatschap in het getrouwheidsprogramma en de voordelen die u in dat kader heeft opgebouwd.<\/p>\n<h4><strong>8. PERSOONSGEGEVENS<\/strong><\/h4>\n<p><b>ITM Alimentaire Belgium verbindt zich ertoe de bepalingen na te leven van de Europese Algemene Verordening Gegevensbescherming (AVG) van 26 april 2016 en de Belgische wet van 30 juli 2018 betreffende de bescherming van natuurlijke personen met betrekking tot de verwerking van persoonsgegevens.<\/b><\/p>\n<p>Voor meer informatie over het beleid inzake de verwerking van persoonsgegevens door ITM verwijzen we naar ons <a href=\"https:\/\/preprod.intermarche-vm.produdev.be\/nl\/privacybeleid\/\">Privacybeleid<\/a>.<\/p>\n<p><strong>9. BEPERKING VAN DE AANSPRAKELIJKHEID<\/strong><\/p>\n<p>ITM is niet aansprakelijk voor directe of indirecte schade die voortvloeit uit het gebruik van de kaart of de account door de Klant zelf. ITM is niet aansprakelijk voor enige onderbreking, zelfs tijdelijk, van de diensten en voordelen verbonden aan de ITM-kaart, hetzij online, in een ITM-vestiging of in een kiosk. ITM kan niet aansprakelijk worden gesteld voor indirecte of gevolgschade of voor schade die op het moment van de aanvraag of afgifte van de ITM-kaart niet kon worden voorzien.<\/p>\n<h4><strong>10. BEVOEGDHEID EN TOEPASSELIJK RECHT<\/strong><\/h4>\n<p>Deze Algemene Voorwaarden worden uitsluitend beheerst door het Belgisch recht en enkel de Belgische rechtbanken zijn bevoegd.<\/p>\n<h4><strong>11. DE GELDIGHEID VAN DEZE VOORWAARDEN<\/strong><\/h4>\n<p><b>ITM Alimentaire Belgium kan deze Algemene Voorwaarden te allen tijde wijzigen en de wijzigingen zullen in werking treden vanaf de eerste communicatie via eender welk kanaal. De Klant heeft het recht om zijn account te allen tijde te be\u00ebindigen, zonder echter rechten te kunnen doen gelden ten aanzien van ITM.<\/b><\/p>\n<p>Deze Algemene Voorwaarden zijn van toepassing op de relatie tussen de Klant en ITM, tenzij de Klant met ITM schriftelijk afwijkende voorwaarden is overeengekomen. Deze Algemene Voorwaarden doen evenmin afbreuk aan de meer specifieke voorwaarden die ITM eventueel kan opleggen, met name inzake de bescherming van persoonsgegevens.<\/p>\n<p>Het feit dat ITM eender welke bepaling van deze AGV op een gegeven moment niet afdwingt of geen actie onderneemt tegen de Klant in het geval van een (mogelijke) schending van een bepaling, betekent in geen geval dat ITM afstand doet van enige actie of recht met betrekking tot een dergelijke bepaling of schending, tenzij dit schriftelijk wordt bevestigd door ITM. Een dergelijk feit mag dus in geen geval worden opgevat als een verklaring van afstand van enige actie of recht met betrekking tot een eventuele toekomstige inbreuk.<\/p>\n<h4><strong>12. KLACHTEN EN VRAGEN<\/strong><\/h4>\n<p>Heeft u vragen of opmerkingen? Contacteer de Consumentendienst van ITM op het volgende nummer:<strong>\u00a0010 47 17 00<\/strong><\/p>\n<p>Of per e-mail:\u00a0<a href=\"mailto:'consommateursintermarchebelgique@mousquetaires.com'\">consommateursintermarchebelgique@mousquetaires.com<\/a><\/p>\n<p>Of per post:\u00a0<strong>TM Alimentaire Belgium \u2013 Service Consommateurs \u2013 Rue du Bosquet 4, 1348 Louvain-la-Neuve<\/strong>[\/vc_column_text][\/vc_column][\/vc_row]<\/p>\n<\/div>","protected":false},"excerpt":{"rendered":"<p>[vc_row full_width=&#8221;stretch_row&#8221; content_placement=&#8221;middle&#8221; el_class=&#8221;bg-primary&#8221;][vc_column offset=&#8221;vc_col-lg-8 vc_col-md-7&#8243; el_class=&#8221;pt-2 pt-lg-1 pb-lg-1&#8243;][vc_custom_heading text=&#8221;Algemene gebruiksvoorwaarden van de Intermarch\u00e9-kaart&#8221; font_container=&#8221;tag:h1|text_align:left&#8221; use_theme_fonts=&#8221;yes&#8221; el_class=&#8221;text-white&#8221;][\/vc_column][vc_column offset=&#8221;vc_col-lg-4 vc_col-md-5&#8243;][vc_single_image image=&#8221;25669&#8243; img_size=&#8221;large&#8221; alignment=&#8221;right&#8221; el_class=&#8221;mb-0 mt-lg-1 mt-n05&#8243;][\/vc_column][\/vc_row][vc_row el_class=&#8221;mt-2&#8243;][vc_column][vc_column_text] Bijgewerkt op 19 oktober 2022 &nbsp; 1. DEFINITIES \u00ab ITM-kaart \u00bb\u00a0: een digitale\/materi\u00eble kaart die u kunt aanvragen bij een ITM-verkooppunt of via onze website en waarmee u, door [&hellip;]<\/p>\n","protected":false},"author":3,"featured_media":0,"parent":67077,"menu_order":0,"comment_status":"closed","ping_status":"closed","template":"","meta":{"_acf_changed":false,"footnotes":""},"class_list":["post-25679","page","type-page","status-publish","hentry"],"acf":[],"yoast_head":"<!-- This site is optimized with the Yoast SEO plugin v26.9 - https:\/\/yoast.com\/product\/yoast-seo-wordpress\/ -->\n<title>Algemene gebruiksvoorwaarden van de Intermarch\u00e9-kaart | Intermarch\u00e9<\/title>\n<meta name=\"description\" content=\"De algemene gebruiksvoorwaarden van de Intermarch\u00e9-kaart staan op deze pagina.\" \/>\n<meta name=\"robots\" content=\"noindex, follow, max-snippet:-1, max-image-preview:large, max-video-preview:-1\" \/>\n<meta property=\"og:locale\" content=\"nl_NL\" \/>\n<meta property=\"og:type\" content=\"article\" \/>\n<meta property=\"og:title\" content=\"Algemene gebruiksvoorwaarden van de Intermarch\u00e9-kaart | Intermarch\u00e9\" \/>\n<meta property=\"og:description\" content=\"De algemene gebruiksvoorwaarden van de Intermarch\u00e9-kaart staan op deze pagina.\" \/>\n<meta property=\"og:url\" content=\"https:\/\/preprod.intermarche-vm.produdev.be\/nl\/de-intermarche-kaart\/algemene-gebruiksvoorwaarden-van-de-intermarche-kaart\/\" \/>\n<meta property=\"og:site_name\" content=\"Intermarch\u00e9\" \/>\n<meta property=\"article:publisher\" content=\"https:\/\/www.facebook.com\/intermarchebelgique\" \/>\n<meta property=\"article:modified_time\" content=\"2024-02-13T09:24:17+00:00\" \/>\n<meta property=\"og:image\" content=\"https:\/\/preprod.intermarche-vm.produdev.be\/files\/uploads\/2024\/02\/intermarche-og.png\" \/>\n\t<meta property=\"og:image:width\" content=\"1920\" \/>\n\t<meta property=\"og:image:height\" content=\"1080\" \/>\n\t<meta property=\"og:image:type\" content=\"image\/png\" \/>\n<meta name=\"twitter:card\" content=\"summary_large_image\" \/>\n<script type=\"application\/ld+json\" class=\"yoast-schema-graph\">{\"@context\":\"https:\/\/schema.org\",\"@graph\":[{\"@type\":\"WebPage\",\"@id\":\"https:\/\/preprod.intermarche-vm.produdev.be\/nl\/de-intermarche-kaart\/algemene-gebruiksvoorwaarden-van-de-intermarche-kaart\/\",\"url\":\"https:\/\/preprod.intermarche-vm.produdev.be\/nl\/de-intermarche-kaart\/algemene-gebruiksvoorwaarden-van-de-intermarche-kaart\/\",\"name\":\"Algemene gebruiksvoorwaarden van de Intermarch\u00e9-kaart | Intermarch\u00e9\",\"isPartOf\":{\"@id\":\"https:\/\/preprod.intermarche-vm.produdev.be\/nl\/#website\"},\"datePublished\":\"2022-12-02T09:04:45+00:00\",\"dateModified\":\"2024-02-13T09:24:17+00:00\",\"description\":\"De algemene gebruiksvoorwaarden van de Intermarch\u00e9-kaart staan op deze pagina.\",\"breadcrumb\":{\"@id\":\"https:\/\/preprod.intermarche-vm.produdev.be\/nl\/de-intermarche-kaart\/algemene-gebruiksvoorwaarden-van-de-intermarche-kaart\/#breadcrumb\"},\"inLanguage\":\"nl-NL\",\"potentialAction\":[{\"@type\":\"ReadAction\",\"target\":[\"https:\/\/preprod.intermarche-vm.produdev.be\/nl\/de-intermarche-kaart\/algemene-gebruiksvoorwaarden-van-de-intermarche-kaart\/\"]}]},{\"@type\":\"BreadcrumbList\",\"@id\":\"https:\/\/preprod.intermarche-vm.produdev.be\/nl\/de-intermarche-kaart\/algemene-gebruiksvoorwaarden-van-de-intermarche-kaart\/#breadcrumb\",\"itemListElement\":[{\"@type\":\"ListItem\",\"position\":1,\"name\":\"Home\",\"item\":\"https:\/\/preprod.intermarche-vm.produdev.be\/nl\/\"},{\"@type\":\"ListItem\",\"position\":2,\"name\":\"De Intermarch\u00e9-kaart\",\"item\":\"https:\/\/preprod.intermarche-vm.produdev.be\/nl\/de-intermarche-kaart\/\"},{\"@type\":\"ListItem\",\"position\":3,\"name\":\"Algemene gebruiksvoorwaarden van de Intermarch\u00e9-kaart\"}]},{\"@type\":\"WebSite\",\"@id\":\"https:\/\/preprod.intermarche-vm.produdev.be\/nl\/#website\",\"url\":\"https:\/\/preprod.intermarche-vm.produdev.be\/nl\/\",\"name\":\"Intermarch\u00e9 Belgique\",\"description\":\"\",\"publisher\":{\"@id\":\"https:\/\/preprod.intermarche-vm.produdev.be\/nl\/#organization\"},\"potentialAction\":[{\"@type\":\"SearchAction\",\"target\":{\"@type\":\"EntryPoint\",\"urlTemplate\":\"https:\/\/preprod.intermarche-vm.produdev.be\/nl\/?s={search_term_string}\"},\"query-input\":{\"@type\":\"PropertyValueSpecification\",\"valueRequired\":true,\"valueName\":\"search_term_string\"}}],\"inLanguage\":\"nl-NL\"},{\"@type\":\"Organization\",\"@id\":\"https:\/\/preprod.intermarche-vm.produdev.be\/nl\/#organization\",\"name\":\"Intermarch\u00e9\",\"url\":\"https:\/\/preprod.intermarche-vm.produdev.be\/nl\/\",\"logo\":{\"@type\":\"ImageObject\",\"inLanguage\":\"nl-NL\",\"@id\":\"https:\/\/preprod.intermarche-vm.produdev.be\/nl\/#\/schema\/logo\/image\/\",\"url\":\"https:\/\/preprod.intermarche-vm.produdev.be\/files\/uploads\/2022\/10\/logo-intermarche.png\",\"contentUrl\":\"https:\/\/preprod.intermarche-vm.produdev.be\/files\/uploads\/2022\/10\/logo-intermarche.png\",\"width\":1200,\"height\":1200,\"caption\":\"Intermarch\u00e9\"},\"image\":{\"@id\":\"https:\/\/preprod.intermarche-vm.produdev.be\/nl\/#\/schema\/logo\/image\/\"},\"sameAs\":[\"https:\/\/www.facebook.com\/intermarchebelgique\",\"https:\/\/www.instagram.com\/intermarchebelgium\/\"]}]}<\/script>\n<!-- \/ Yoast SEO plugin. -->","yoast_head_json":{"title":"Algemene gebruiksvoorwaarden van de Intermarch\u00e9-kaart | Intermarch\u00e9","description":"De algemene gebruiksvoorwaarden van de Intermarch\u00e9-kaart staan op deze pagina.","robots":{"index":"noindex","follow":"follow","max-snippet":"max-snippet:-1","max-image-preview":"max-image-preview:large","max-video-preview":"max-video-preview:-1"},"og_locale":"nl_NL","og_type":"article","og_title":"Algemene gebruiksvoorwaarden van de Intermarch\u00e9-kaart | Intermarch\u00e9","og_description":"De algemene gebruiksvoorwaarden van de Intermarch\u00e9-kaart staan op deze pagina.","og_url":"https:\/\/preprod.intermarche-vm.produdev.be\/nl\/de-intermarche-kaart\/algemene-gebruiksvoorwaarden-van-de-intermarche-kaart\/","og_site_name":"Intermarch\u00e9","article_publisher":"https:\/\/www.facebook.com\/intermarchebelgique","article_modified_time":"2024-02-13T09:24:17+00:00","og_image":[{"width":1920,"height":1080,"url":"https:\/\/preprod.intermarche-vm.produdev.be\/files\/uploads\/2024\/02\/intermarche-og.png","type":"image\/png"}],"twitter_card":"summary_large_image","schema":{"@context":"https:\/\/schema.org","@graph":[{"@type":"WebPage","@id":"https:\/\/preprod.intermarche-vm.produdev.be\/nl\/de-intermarche-kaart\/algemene-gebruiksvoorwaarden-van-de-intermarche-kaart\/","url":"https:\/\/preprod.intermarche-vm.produdev.be\/nl\/de-intermarche-kaart\/algemene-gebruiksvoorwaarden-van-de-intermarche-kaart\/","name":"Algemene gebruiksvoorwaarden van de Intermarch\u00e9-kaart | Intermarch\u00e9","isPartOf":{"@id":"https:\/\/preprod.intermarche-vm.produdev.be\/nl\/#website"},"datePublished":"2022-12-02T09:04:45+00:00","dateModified":"2024-02-13T09:24:17+00:00","description":"De algemene gebruiksvoorwaarden van de Intermarch\u00e9-kaart staan op deze pagina.","breadcrumb":{"@id":"https:\/\/preprod.intermarche-vm.produdev.be\/nl\/de-intermarche-kaart\/algemene-gebruiksvoorwaarden-van-de-intermarche-kaart\/#breadcrumb"},"inLanguage":"nl-NL","potentialAction":[{"@type":"ReadAction","target":["https:\/\/preprod.intermarche-vm.produdev.be\/nl\/de-intermarche-kaart\/algemene-gebruiksvoorwaarden-van-de-intermarche-kaart\/"]}]},{"@type":"BreadcrumbList","@id":"https:\/\/preprod.intermarche-vm.produdev.be\/nl\/de-intermarche-kaart\/algemene-gebruiksvoorwaarden-van-de-intermarche-kaart\/#breadcrumb","itemListElement":[{"@type":"ListItem","position":1,"name":"Home","item":"https:\/\/preprod.intermarche-vm.produdev.be\/nl\/"},{"@type":"ListItem","position":2,"name":"De Intermarch\u00e9-kaart","item":"https:\/\/preprod.intermarche-vm.produdev.be\/nl\/de-intermarche-kaart\/"},{"@type":"ListItem","position":3,"name":"Algemene gebruiksvoorwaarden van de Intermarch\u00e9-kaart"}]},{"@type":"WebSite","@id":"https:\/\/preprod.intermarche-vm.produdev.be\/nl\/#website","url":"https:\/\/preprod.intermarche-vm.produdev.be\/nl\/","name":"Intermarch\u00e9 Belgique","description":"","publisher":{"@id":"https:\/\/preprod.intermarche-vm.produdev.be\/nl\/#organization"},"potentialAction":[{"@type":"SearchAction","target":{"@type":"EntryPoint","urlTemplate":"https:\/\/preprod.intermarche-vm.produdev.be\/nl\/?s={search_term_string}"},"query-input":{"@type":"PropertyValueSpecification","valueRequired":true,"valueName":"search_term_string"}}],"inLanguage":"nl-NL"},{"@type":"Organization","@id":"https:\/\/preprod.intermarche-vm.produdev.be\/nl\/#organization","name":"Intermarch\u00e9","url":"https:\/\/preprod.intermarche-vm.produdev.be\/nl\/","logo":{"@type":"ImageObject","inLanguage":"nl-NL","@id":"https:\/\/preprod.intermarche-vm.produdev.be\/nl\/#\/schema\/logo\/image\/","url":"https:\/\/preprod.intermarche-vm.produdev.be\/files\/uploads\/2022\/10\/logo-intermarche.png","contentUrl":"https:\/\/preprod.intermarche-vm.produdev.be\/files\/uploads\/2022\/10\/logo-intermarche.png","width":1200,"height":1200,"caption":"Intermarch\u00e9"},"image":{"@id":"https:\/\/preprod.intermarche-vm.produdev.be\/nl\/#\/schema\/logo\/image\/"},"sameAs":["https:\/\/www.facebook.com\/intermarchebelgique","https:\/\/www.instagram.com\/intermarchebelgium\/"]}]}},"publishpress_future_workflow_manual_trigger":{"enabledWorkflows":[]},"_links":{"self":[{"href":"https:\/\/preprod.intermarche-vm.produdev.be\/nl\/wp-json\/wp\/v2\/pages\/25679","targetHints":{"allow":["GET"]}}],"collection":[{"href":"https:\/\/preprod.intermarche-vm.produdev.be\/nl\/wp-json\/wp\/v2\/pages"}],"about":[{"href":"https:\/\/preprod.intermarche-vm.produdev.be\/nl\/wp-json\/wp\/v2\/types\/page"}],"author":[{"embeddable":true,"href":"https:\/\/preprod.intermarche-vm.produdev.be\/nl\/wp-json\/wp\/v2\/users\/3"}],"replies":[{"embeddable":true,"href":"https:\/\/preprod.intermarche-vm.produdev.be\/nl\/wp-json\/wp\/v2\/comments?post=25679"}],"version-history":[{"count":0,"href":"https:\/\/preprod.intermarche-vm.produdev.be\/nl\/wp-json\/wp\/v2\/pages\/25679\/revisions"}],"up":[{"embeddable":true,"href":"https:\/\/preprod.intermarche-vm.produdev.be\/nl\/wp-json\/wp\/v2\/pages\/67077"}],"wp:attachment":[{"href":"https:\/\/preprod.intermarche-vm.produdev.be\/nl\/wp-json\/wp\/v2\/media?parent=25679"}],"curies":[{"name":"wp","href":"https:\/\/api.w.org\/{rel}","templated":true}]}}